{"id":135,"date":"2017-11-22T16:25:50","date_gmt":"2017-11-22T15:25:50","guid":{"rendered":"http:\/\/www.modellbau-daniel.de\/en\/?page_id=135"},"modified":"2019-03-31T09:43:06","modified_gmt":"2019-03-31T07:43:06","slug":"impressum","status":"publish","type":"page","link":"https:\/\/www.modellbau-daniel.de\/en\/impressum\/","title":{"rendered":"legal notice (Impressum)"},"content":{"rendered":"<p>Sven Daniel<br \/>\nRingbahnstrasse 3<br \/>\n41460 Neuss<\/p>\n<p>Fon: 02131 24986<br \/>\nFax: 02131 278568<br \/>\ninfo [at] modellbau-daniel.de<\/p>\n<p>Umsatzsteuer-Identifikationsnummer:\u00a0 DE222713040<\/p>\n<p>Haftungsausschluss<br \/>\nModellbau Sven Daniel bietet Ihnen diese Webseite an, damit Sie sich schnell und umfassend \u00fcber uns informieren k\u00f6nnen. Wir bem\u00fchen uns, dass die auf unserer Webseite enthaltenen Informationen und Daten zutreffend sind. Eine Haftung oder Garantie f\u00fcr die Aktualit\u00e4t, Richtigkeit und Vollst\u00e4ndigkeit der zur Verf\u00fcgung gestellten Informationen und Daten ist jedoch ausgeschlossen. Dies gilt ebenso f\u00fcr alle anderen Websites, auf die mittels eines Hyperlinks verwiesen wird. Modellbau Sven Daniel ist f\u00fcr den Inhalt der Websites, die mittels einer solchen Verbindung erreicht werden, ebenfalls nicht verantwortlich. Wir behalten uns vor, ohne Ank\u00fcndigung \u00c4nderungen oder Erg\u00e4nzungen der bereitgestellten Informationen oder Daten vorzunehmen. Wir m\u00f6chten St\u00f6rungen aufgrund technischer Probleme so gering wie m\u00f6glich halten und empfehlen Ihnen, s\u00e4mtliche M\u00f6glichkeiten zu nutzen, um solchen St\u00f6rungen vorzubeugen. Es ist allerdings nicht ausgeschlossen, dass einige der Daten und Angaben auf unserer Webseite in nicht fehlerfreien Dateien oder Formaten angelegt\/strukturiert sind, und wir k\u00f6nnen keine Gew\u00e4hr daf\u00fcr \u00fcbernehmen, dass unser Dienst nicht unterbrochen oder anderweitig durch derartige St\u00f6rungen beeintr\u00e4chtigt wird. Modellbau Sven Daniel \u00fcbernimmt jedoch keine Verantwortung f\u00fcr solche Probleme, die aufgrund der Benutzung dieser Webseiten oder damit verbundener externer Webseiten entstehen k\u00f6nnten.<\/p>\n<p>Copyright<br \/>\nDer Inhalt dieser Seiten ist urheberrechtlich gesch\u00fctzt. Die Vervielf\u00e4ltigung von Informationen oder Daten, insbesondere die Verwendung von Grafiken, Texten oder Bildmaterial bedarf der vorherigen Zustimmungen. Die rechtliche und inhaltliche Verantwortung f\u00fcr die auf den Webseiten der Partnerunternehmen angebotenen Dienste und Informationen liegt allein bei den jeweiligen Partnerunternehmen.<\/p>\n<p>Copyright \u00a92009 Modellbau Sven Daniel. Alle Rechte vorbehalten.<\/p>\n","protected":false},"excerpt":{"rendered":"<p>Sven Daniel Ringbahnstrasse 3 41460 Neuss Fon: 02131 24986 Fax: 02131 278568 info [at] modellbau-daniel.de Umsatzsteuer-Identifikationsnummer:\u00a0 DE222713040 Haftungsausschluss Modellbau Sven<\/p>\n","protected":false},"author":1,"featured_media":0,"parent":0,"menu_order":0,"comment_status":"closed","ping_status":"closed","template":"","meta":{"footnotes":""},"_links":{"self":[{"href":"https:\/\/www.modellbau-daniel.de\/en\/wp-json\/wp\/v2\/pages\/135"}],"collection":[{"href":"https:\/\/www.modellbau-daniel.de\/en\/wp-json\/wp\/v2\/pages"}],"about":[{"href":"https:\/\/www.modellbau-daniel.de\/en\/wp-json\/wp\/v2\/types\/page"}],"author":[{"embeddable":true,"href":"https:\/\/www.modellbau-daniel.de\/en\/wp-json\/wp\/v2\/users\/1"}],"replies":[{"embeddable":true,"href":"https:\/\/www.modellbau-daniel.de\/en\/wp-json\/wp\/v2\/comments?post=135"}],"version-history":[{"count":3,"href":"https:\/\/www.modellbau-daniel.de\/en\/wp-json\/wp\/v2\/pages\/135\/revisions"}],"predecessor-version":[{"id":146,"href":"https:\/\/www.modellbau-daniel.de\/en\/wp-json\/wp\/v2\/pages\/135\/revisions\/146"}],"wp:attachment":[{"href":"https:\/\/www.modellbau-daniel.de\/en\/wp-json\/wp\/v2\/media?parent=135"}],"curies":[{"name":"wp","href":"https:\/\/api.w.org\/{rel}","templated":true}]}}